{"id":6238,"date":"2015-11-21T16:14:05","date_gmt":"2015-11-21T16:14:05","guid":{"rendered":"http:\/\/www.dog-adventure.com\/concept\/home-2\/"},"modified":"2022-01-07T12:30:58","modified_gmt":"2022-01-07T12:30:58","slug":"home","status":"publish","type":"page","link":"http:\/\/www.dog-adventure.com\/fr\/","title":{"rendered":"Home"},"content":{"rendered":"<div id=\"pl-6238\"  class=\"panel-layout\" ><div id=\"pg-6238-0\"  class=\"panel-grid panel-no-style\" ><div id=\"pgc-6238-0-0\"  class=\"panel-grid-cell\" ><div id=\"panel-6238-0-0-0\" class=\"so-panel widget widget_black-studio-tinymce widget_black_studio_tinymce panel-first-child panel-last-child\" data-index=\"0\" ><div class=\"textwidget\"><h3><span style=\"color: #ff6600;\"><em>Get connected with your dog,\u00a0go mantrailing!<\/em><\/span><\/h3>\n<p>Lorsque vous effectuez une recherche, vous et votre chien travaillez vraiment ensemble en \u00e9quipe et rien ne renforce l'interconnexion plus que cela! Quoi de plus amusant que de voir votre chien plein d'estime de soi.<\/p>\n<\/div><\/div><\/div><\/div><div id=\"pg-6238-1\"  class=\"panel-grid panel-no-style\" ><div id=\"pgc-6238-1-0\"  class=\"panel-grid-cell\" ><div id=\"panel-6238-1-0-0\" class=\"so-panel widget widget_black-studio-tinymce widget_black_studio_tinymce panel-first-child panel-last-child\" data-index=\"1\" ><div class=\"textwidget\"><h3><a href=\"http:\/\/www.dog-adventure.com\/mantrailing\/\">Mantrailing<\/a><\/h3>\n<p><a href=\"http:\/\/www.dog-adventure.com\/wp-content\/uploads\/mantrailingfrancewitcropbig.jpg\"><img loading=\"lazy\" decoding=\"async\" class=\"alignleft size-medium wp-image-6955\" src=\"http:\/\/www.dog-adventure.com\/wp-content\/uploads\/mantrailingfrancewitcropbig-300x140.jpg\" alt=\"\" width=\"300\" height=\"140\" \/><\/a><\/p>\n<p>&nbsp;<\/p>\n<p>&nbsp;<\/p>\n<p>&nbsp;<\/p>\n<p style=\"text-align: left;\"><a href=\"http:\/\/mantrailing-france.fr\/\">read more \u00bb<\/a><\/p>\n<p>&nbsp;<\/p>\n<p>&nbsp;<\/p>\n<\/div><\/div><\/div><div id=\"pgc-6238-1-1\"  class=\"panel-grid-cell\" ><div id=\"panel-6238-1-1-0\" class=\"so-panel widget widget_black-studio-tinymce widget_black_studio_tinymce panel-first-child panel-last-child\" data-index=\"2\" ><div class=\"textwidget\"><h3><a title=\"Accommodatie\" href=\"http:\/\/www.dog-adventure.com\/accommodatie\/\">Accomodatie<\/a><\/h3>\n<p><a href=\"http:\/\/www.dog-adventure.com\/wp-content\/uploads\/canstock18613679-1.jpg\"><img loading=\"lazy\" decoding=\"async\" class=\"size-full wp-image-6928 alignnone\" src=\"http:\/\/www.dog-adventure.com\/wp-content\/uploads\/canstock18613679-1.jpg\" alt=\"\" width=\"300\" height=\"140\" \/><\/a><br \/>\nLes quatre chambres sont au rez-de-chauss\u00e9e.<\/p>\n<p><a href=\"http:\/\/www.dog-adventure.com\/accommodatie\/\">read more \u00bb<\/a><\/p>\n<p>&nbsp;<\/p>\n<\/div><\/div><\/div><div id=\"pgc-6238-1-2\"  class=\"panel-grid-cell\" ><div id=\"panel-6238-1-2-0\" class=\"so-panel widget widget_black-studio-tinymce widget_black_studio_tinymce panel-first-child panel-last-child\" data-index=\"3\" ><div class=\"textwidget\"><h3><a href=\"http:\/\/www.vacances-avec-chiens.fr\/\">Gite<\/a><\/h3>\n<p><a href=\"http:\/\/www.vacances-avec-chiens.fr\/\" target=\"_blank\" rel=\"noopener noreferrer\"><img loading=\"lazy\" decoding=\"async\" class=\"alignnone wp-image-6929 size-full\" src=\"http:\/\/www.dog-adventure.com\/wp-content\/uploads\/logo-le-gousset-du-chien-1.jpg\" alt=\"\" width=\"300\" height=\"140\" \/><\/a><\/p>\n<p>C\u2019est une ancienne fermette ind\u00e9pendante avec un grand jardin cl\u00f4tur\u00e9.<\/p>\n<p><a href=\"http:\/\/www.vacances-avec-chiens.fr\/\">read more \u00bb <\/a><\/p>\n<\/div><\/div><\/div><\/div><\/div>","protected":false},"excerpt":{"rendered":"<p>Get connected with your dog,\u00a0go mantrailing! Lorsque vous effectuez une recherche, vous et votre chien travaillez vraiment ensemble en \u00e9quipe et rien ne renforce l&rsquo;interconnexion plus que cela! Quoi de plus amusant que de voir votre chien plein d&rsquo;estime de soi. Mantrailing &nbsp; &nbsp; &nbsp; read more \u00bb &nbsp; &nbsp; Accomodatie Les quatre chambres sont &#8230; <a title=\"Home\" class=\"read-more\" href=\"http:\/\/www.dog-adventure.com\/fr\/\" aria-label=\"En savoir plus sur Home\">Lire la suite<\/a><\/p>\n","protected":false},"author":1,"featured_media":0,"parent":0,"menu_order":1,"comment_status":"closed","ping_status":"open","template":"","meta":{"footnotes":""},"yoast_head":"<!-- This site is optimized with the Yoast SEO plugin v21.9 - https:\/\/yoast.com\/wordpress\/plugins\/seo\/ -->\n<title>Mantrailing tijdens de vakantie, echt een vakantie voor baas en hond!<\/title>\n<meta name=\"description\" content=\"}Mantrailing in France: When you search, you and your dog really work together as a team and nothing reinforces the interconnection more than this!\" \/>\n<meta name=\"robots\" content=\"index, follow, max-snippet:-1, max-image-preview:large, max-video-preview:-1\" \/>\n<link rel=\"canonical\" href=\"http:\/\/www.dog-adventure.com\/\" \/>\n<meta property=\"og:locale\" content=\"fr_FR\" \/>\n<meta property=\"og:type\" content=\"article\" \/>\n<meta property=\"og:title\" content=\"Mantrailing tijdens de vakantie, echt een vakantie voor baas en hond!\" \/>\n<meta property=\"og:description\" content=\"}Mantrailing in France: When you search, you and your dog really work together as a team and nothing reinforces the interconnection more than this!\" \/>\n<meta property=\"og:url\" content=\"http:\/\/www.dog-adventure.com\/\" \/>\n<meta property=\"og:site_name\" content=\"Mantrailing-France\" \/>\n<meta property=\"article:modified_time\" content=\"2022-01-07T12:30:58+00:00\" \/>\n<meta property=\"og:image\" content=\"http:\/\/www.dog-adventure.com\/wp-content\/uploads\/mantrailingfrancewitcropbig-1-300x140.png\" \/>\n<meta name=\"twitter:card\" content=\"summary_large_image\" \/>\n<meta name=\"twitter:label1\" content=\"Dur\u00e9e de lecture estim\u00e9e\" \/>\n\t<meta name=\"twitter:data1\" content=\"4 minutes\" \/>\n<script type=\"application\/ld+json\" class=\"yoast-schema-graph\">{\"@context\":\"https:\/\/schema.org\",\"@graph\":[{\"@type\":\"WebPage\",\"@id\":\"http:\/\/www.dog-adventure.com\/\",\"url\":\"http:\/\/www.dog-adventure.com\/\",\"name\":\"Mantrailing tijdens de vakantie, echt een vakantie voor baas en hond!\",\"isPartOf\":{\"@id\":\"http:\/\/www.dog-adventure.com\/fr\/#website\"},\"datePublished\":\"2015-11-21T16:14:05+00:00\",\"dateModified\":\"2022-01-07T12:30:58+00:00\",\"description\":\"}Mantrailing in France: When you search, you and your dog really work together as a team and nothing reinforces the interconnection more than this!\",\"breadcrumb\":{\"@id\":\"http:\/\/www.dog-adventure.com\/#breadcrumb\"},\"inLanguage\":\"fr-FR\",\"potentialAction\":[{\"@type\":\"ReadAction\",\"target\":[\"http:\/\/www.dog-adventure.com\/\"]}]},{\"@type\":\"BreadcrumbList\",\"@id\":\"http:\/\/www.dog-adventure.com\/#breadcrumb\",\"itemListElement\":[{\"@type\":\"ListItem\",\"position\":1,\"name\":\"Accueil\",\"item\":\"http:\/\/www.dog-adventure.com\/\"},{\"@type\":\"ListItem\",\"position\":2,\"name\":\"Home\"}]},{\"@type\":\"WebSite\",\"@id\":\"http:\/\/www.dog-adventure.com\/fr\/#website\",\"url\":\"http:\/\/www.dog-adventure.com\/fr\/\",\"name\":\"Mantrailing-France\",\"description\":\"\",\"potentialAction\":[{\"@type\":\"SearchAction\",\"target\":{\"@type\":\"EntryPoint\",\"urlTemplate\":\"http:\/\/www.dog-adventure.com\/fr\/?s={search_term_string}\"},\"query-input\":\"required name=search_term_string\"}],\"inLanguage\":\"fr-FR\"}]}<\/script>\n<!-- \/ Yoast SEO plugin. -->","yoast_head_json":{"title":"Mantrailing tijdens de vakantie, echt een vakantie voor baas en hond!","description":"}Mantrailing in France: When you search, you and your dog really work together as a team and nothing reinforces the interconnection more than this!","robots":{"index":"index","follow":"follow","max-snippet":"max-snippet:-1","max-image-preview":"max-image-preview:large","max-video-preview":"max-video-preview:-1"},"canonical":"http:\/\/www.dog-adventure.com\/","og_locale":"fr_FR","og_type":"article","og_title":"Mantrailing tijdens de vakantie, echt een vakantie voor baas en hond!","og_description":"}Mantrailing in France: When you search, you and your dog really work together as a team and nothing reinforces the interconnection more than this!","og_url":"http:\/\/www.dog-adventure.com\/","og_site_name":"Mantrailing-France","article_modified_time":"2022-01-07T12:30:58+00:00","og_image":[{"url":"http:\/\/www.dog-adventure.com\/wp-content\/uploads\/mantrailingfrancewitcropbig-1-300x140.png"}],"twitter_card":"summary_large_image","twitter_misc":{"Dur\u00e9e de lecture estim\u00e9e":"4 minutes"},"schema":{"@context":"https:\/\/schema.org","@graph":[{"@type":"WebPage","@id":"http:\/\/www.dog-adventure.com\/","url":"http:\/\/www.dog-adventure.com\/","name":"Mantrailing tijdens de vakantie, echt een vakantie voor baas en hond!","isPartOf":{"@id":"http:\/\/www.dog-adventure.com\/fr\/#website"},"datePublished":"2015-11-21T16:14:05+00:00","dateModified":"2022-01-07T12:30:58+00:00","description":"}Mantrailing in France: When you search, you and your dog really work together as a team and nothing reinforces the interconnection more than this!","breadcrumb":{"@id":"http:\/\/www.dog-adventure.com\/#breadcrumb"},"inLanguage":"fr-FR","potentialAction":[{"@type":"ReadAction","target":["http:\/\/www.dog-adventure.com\/"]}]},{"@type":"BreadcrumbList","@id":"http:\/\/www.dog-adventure.com\/#breadcrumb","itemListElement":[{"@type":"ListItem","position":1,"name":"Accueil","item":"http:\/\/www.dog-adventure.com\/"},{"@type":"ListItem","position":2,"name":"Home"}]},{"@type":"WebSite","@id":"http:\/\/www.dog-adventure.com\/fr\/#website","url":"http:\/\/www.dog-adventure.com\/fr\/","name":"Mantrailing-France","description":"","potentialAction":[{"@type":"SearchAction","target":{"@type":"EntryPoint","urlTemplate":"http:\/\/www.dog-adventure.com\/fr\/?s={search_term_string}"},"query-input":"required name=search_term_string"}],"inLanguage":"fr-FR"}]}},"_links":{"self":[{"href":"http:\/\/www.dog-adventure.com\/fr\/wp-json\/wp\/v2\/pages\/6238"}],"collection":[{"href":"http:\/\/www.dog-adventure.com\/fr\/wp-json\/wp\/v2\/pages"}],"about":[{"href":"http:\/\/www.dog-adventure.com\/fr\/wp-json\/wp\/v2\/types\/page"}],"author":[{"embeddable":true,"href":"http:\/\/www.dog-adventure.com\/fr\/wp-json\/wp\/v2\/users\/1"}],"replies":[{"embeddable":true,"href":"http:\/\/www.dog-adventure.com\/fr\/wp-json\/wp\/v2\/comments?post=6238"}],"version-history":[{"count":2,"href":"http:\/\/www.dog-adventure.com\/fr\/wp-json\/wp\/v2\/pages\/6238\/revisions"}],"predecessor-version":[{"id":8225,"href":"http:\/\/www.dog-adventure.com\/fr\/wp-json\/wp\/v2\/pages\/6238\/revisions\/8225"}],"wp:attachment":[{"href":"http:\/\/www.dog-adventure.com\/fr\/wp-json\/wp\/v2\/media?parent=6238"}],"curies":[{"name":"wp","href":"https:\/\/api.w.org\/{rel}","templated":true}]}}