{"id":46,"date":"2011-03-15T17:27:04","date_gmt":"2011-03-15T17:27:04","guid":{"rendered":"http:\/\/www.dog-adventure.prioserve.net\/wordpress\/?page_id=46"},"modified":"2022-01-07T13:56:35","modified_gmt":"2022-01-07T13:56:35","slug":"accommodatie","status":"publish","type":"page","link":"http:\/\/www.dog-adventure.com\/fr\/accommodatie\/","title":{"rendered":"Logement"},"content":{"rendered":"<p><strong>Logement<\/strong><\/p>\n<p>Les quatre chambres sont au rez-de-chauss\u00e9e.<\/p>\n<p>Vos chiens peuvent aller et venir librement. Les chambres disposent chacune d\u2019une entr\u00e9e individuelle, qui donne sur le grand jardin (1000m2) enti\u00e8rement cl\u00f4tur\u00e9 et r\u00e9serv\u00e9 aux h\u00f4tes. Le soir, vous pouvez d\u00e9guster dans le salon un verre de vin, lire un livre, regarder la t\u00e9l\u00e9vision ou un DVD ou bien encore jouer \u00e0 l\u2019un des nombreux jeux que nous laissons \u00e0 votre disposition. Vous trouverez aussi une cafeti\u00e8re, une bouilloire, un r\u00e9frig\u00e9rateur et un micro-ondes. Donnant sur le salon il y a une cuisine bien \u00e9quip\u00e9e.<\/p>\n<div id='gallery-1' class='gallery galleryid-46 gallery-columns-4 gallery-size-thumbnail'><figure class='gallery-item'>\n\t\t\t<div class='gallery-icon portrait'>\n\t\t\t\t<a href='http:\/\/www.dog-adventure.com\/fr\/accommodatie\/badkamerchamboux_254\/#main'><img loading=\"lazy\" decoding=\"async\" width=\"150\" height=\"150\" src=\"http:\/\/www.dog-adventure.com\/wp-content\/uploads\/badkamerchamboux_254-150x150.jpg\" class=\"attachment-thumbnail size-thumbnail\" alt=\"\" \/><\/a>\n\t\t\t<\/div><\/figure><figure class='gallery-item'>\n\t\t\t<div class='gallery-icon portrait'>\n\t\t\t\t<a href='http:\/\/www.dog-adventure.com\/fr\/accommodatie\/kamer-chambouxkl\/#main'><img loading=\"lazy\" decoding=\"async\" width=\"150\" height=\"150\" src=\"http:\/\/www.dog-adventure.com\/wp-content\/uploads\/kamer-chambouxkl-150x150.jpg\" class=\"attachment-thumbnail size-thumbnail\" alt=\"\" \/><\/a>\n\t\t\t<\/div><\/figure><figure class='gallery-item'>\n\t\t\t<div class='gallery-icon landscape'>\n\t\t\t\t<a href='http:\/\/www.dog-adventure.com\/fr\/accommodatie\/eetkamertafel\/#main'><img loading=\"lazy\" decoding=\"async\" width=\"150\" height=\"150\" src=\"http:\/\/www.dog-adventure.com\/wp-content\/uploads\/eetkamertafel-150x150.jpg\" class=\"attachment-thumbnail size-thumbnail\" alt=\"\" \/><\/a>\n\t\t\t<\/div><\/figure><figure class='gallery-item'>\n\t\t\t<div class='gallery-icon landscape'>\n\t\t\t\t<a href='http:\/\/www.dog-adventure.com\/fr\/accommodatie\/woonkamerworkshops\/#main'><img loading=\"lazy\" decoding=\"async\" width=\"150\" height=\"150\" src=\"http:\/\/www.dog-adventure.com\/wp-content\/uploads\/woonkamerworkshops-150x150.jpg\" class=\"attachment-thumbnail size-thumbnail\" alt=\"\" \/><\/a>\n\t\t\t<\/div><\/figure><figure class='gallery-item'>\n\t\t\t<div class='gallery-icon landscape'>\n\t\t\t\t<a href='http:\/\/www.dog-adventure.com\/fr\/accommodatie\/kitchen_2-2\/#main'><img loading=\"lazy\" decoding=\"async\" width=\"150\" height=\"150\" src=\"http:\/\/www.dog-adventure.com\/wp-content\/uploads\/kitchen_21-150x150.jpg\" class=\"attachment-thumbnail size-thumbnail\" alt=\"\" \/><\/a>\n\t\t\t<\/div><\/figure><figure class='gallery-item'>\n\t\t\t<div class='gallery-icon landscape'>\n\t\t\t\t<a href='http:\/\/www.dog-adventure.com\/fr\/accommodatie\/terras\/#main'><img loading=\"lazy\" decoding=\"async\" width=\"150\" height=\"150\" src=\"http:\/\/www.dog-adventure.com\/wp-content\/uploads\/terras-150x150.jpg\" class=\"attachment-thumbnail size-thumbnail\" alt=\"\" \/><\/a>\n\t\t\t<\/div><\/figure><figure class='gallery-item'>\n\t\t\t<div class='gallery-icon landscape'>\n\t\t\t\t<a href='http:\/\/www.dog-adventure.com\/fr\/accommodatie\/chaletnew2-2\/#main'><img loading=\"lazy\" decoding=\"async\" width=\"150\" height=\"150\" src=\"http:\/\/www.dog-adventure.com\/wp-content\/uploads\/chaletnew2-150x150.jpg\" class=\"attachment-thumbnail size-thumbnail\" alt=\"\" \/><\/a>\n\t\t\t<\/div><\/figure><figure class='gallery-item'>\n\t\t\t<div class='gallery-icon portrait'>\n\t\t\t\t<a href='http:\/\/www.dog-adventure.com\/fr\/accommodatie\/img_4211-bewerkt\/#main'><img loading=\"lazy\" decoding=\"async\" width=\"150\" height=\"150\" src=\"http:\/\/www.dog-adventure.com\/wp-content\/uploads\/IMG_4211-bewerkt-150x150.jpg\" class=\"attachment-thumbnail size-thumbnail\" alt=\"\" \/><\/a>\n\t\t\t<\/div><\/figure><figure class='gallery-item'>\n\t\t\t<div class='gallery-icon landscape'>\n\t\t\t\t<a href='http:\/\/www.dog-adventure.com\/fr\/accommodatie\/img_20170905_110331_hdr\/#main'><img loading=\"lazy\" decoding=\"async\" width=\"150\" height=\"150\" src=\"http:\/\/www.dog-adventure.com\/wp-content\/uploads\/IMG_20170905_110331_hdr-150x150.jpg\" class=\"attachment-thumbnail size-thumbnail\" alt=\"\" \/><\/a>\n\t\t\t<\/div><\/figure>\n\t\t<\/div>\n\n<p><strong>Chambre de Saint Agnan<\/strong>: double avec salle de bains et toilettes.<\/p>\n<p><strong style=\"font-size: 13px; line-height: 1.6em;\">Chambre de Chamboux<\/strong><span style=\"font-size: 13px; line-height: 1.6em;\">: double avec salle de bains et toilettes.<\/span><\/p>\n<p><strong>Chambre des Settons:<\/strong> double avec salle de bains et toilettes.<\/p>\n<p><strong>Chambre de Panneci\u00e8re <\/strong>se compose de deux chambres et convient pour trois personnes. Elle a sa propre douche, toilettes, lavabo et un vestibule.<\/p>\n<p><span style=\"font-size: 13px; line-height: 1.6em;\">Chiens aucun suppl\u00e9ment.<\/span><\/p>\n<p>Vous pouvez utiliser le WiFi gratuit.<\/p>\n<p><!-- Start of StatCounter Code --><\/p>\n<p><script>\/\/ <![CDATA[\nvar sc_project=2558880;  var sc_invisible=1;  var sc_partition=24;  var sc_security=\"2f91366c\";\n\/\/ ]]><\/script><\/p>\n<p><script src=\"http:\/\/www.statcounter.com\/counter\/frames.js\"><\/script><\/p>\n<p><noscript><\/noscript><a href=\"http:\/\/www.statcounter.com\/\" target=\"_blank\" rel=\"noopener\"><img decoding=\"async\" src=\"http:\/\/c25.statcounter.com\/counter.php?sc_project=2558880&amp;java=0&amp;security=2f91366c&amp;invisible=0\" alt=\"blog counter\" border=\"0\" \/><\/a><\/p>","protected":false},"excerpt":{"rendered":"<p>Logement Les quatre chambres sont au rez-de-chauss\u00e9e. Vos chiens peuvent aller et venir librement. Les chambres disposent chacune d\u2019une entr\u00e9e individuelle, qui donne sur le grand jardin (1000m2) enti\u00e8rement cl\u00f4tur\u00e9 et r\u00e9serv\u00e9 aux h\u00f4tes. Le soir, vous pouvez d\u00e9guster dans le salon un verre de vin, lire un livre, regarder la t\u00e9l\u00e9vision ou un DVD &#8230; <a title=\"Logement\" class=\"read-more\" href=\"http:\/\/www.dog-adventure.com\/fr\/accommodatie\/\" aria-label=\"En savoir plus sur Logement\">Lire la suite<\/a><\/p>\n","protected":false},"author":1,"featured_media":0,"parent":0,"menu_order":4,"comment_status":"closed","ping_status":"open","template":"","meta":{"footnotes":""},"yoast_head":"<!-- This site is optimized with the Yoast SEO plugin v21.9 - https:\/\/yoast.com\/wordpress\/plugins\/seo\/ -->\n<title>Logement - Mantrailing-France<\/title>\n<meta name=\"robots\" content=\"index, follow, max-snippet:-1, max-image-preview:large, max-video-preview:-1\" \/>\n<link rel=\"canonical\" href=\"http:\/\/www.dog-adventure.com\/accommodatie\/\" \/>\n<meta property=\"og:locale\" content=\"fr_FR\" \/>\n<meta property=\"og:type\" content=\"article\" \/>\n<meta property=\"og:title\" content=\"Logement - Mantrailing-France\" \/>\n<meta property=\"og:description\" content=\"Logement Les quatre chambres sont au rez-de-chauss\u00e9e. Vos chiens peuvent aller et venir librement. Les chambres disposent chacune d\u2019une entr\u00e9e individuelle, qui donne sur le grand jardin (1000m2) enti\u00e8rement cl\u00f4tur\u00e9 et r\u00e9serv\u00e9 aux h\u00f4tes. Le soir, vous pouvez d\u00e9guster dans le salon un verre de vin, lire un livre, regarder la t\u00e9l\u00e9vision ou un DVD ... Lire la suite\" \/>\n<meta property=\"og:url\" content=\"http:\/\/www.dog-adventure.com\/accommodatie\/\" \/>\n<meta property=\"og:site_name\" content=\"Mantrailing-France\" \/>\n<meta property=\"article:modified_time\" content=\"2022-01-07T13:56:35+00:00\" \/>\n<meta property=\"og:image\" content=\"http:\/\/www.dog-adventure.com\/wp-content\/uploads\/badkamerchamboux_254-150x150.jpg\" \/>\n<meta name=\"twitter:card\" content=\"summary_large_image\" \/>\n<meta name=\"twitter:label1\" content=\"Dur\u00e9e de lecture estim\u00e9e\" \/>\n\t<meta name=\"twitter:data1\" content=\"1 minute\" \/>\n<script type=\"application\/ld+json\" class=\"yoast-schema-graph\">{\"@context\":\"https:\/\/schema.org\",\"@graph\":[{\"@type\":\"WebPage\",\"@id\":\"http:\/\/www.dog-adventure.com\/accommodatie\/\",\"url\":\"http:\/\/www.dog-adventure.com\/accommodatie\/\",\"name\":\"Logement - Mantrailing-France\",\"isPartOf\":{\"@id\":\"http:\/\/www.dog-adventure.com\/fr\/#website\"},\"datePublished\":\"2011-03-15T17:27:04+00:00\",\"dateModified\":\"2022-01-07T13:56:35+00:00\",\"breadcrumb\":{\"@id\":\"http:\/\/www.dog-adventure.com\/accommodatie\/#breadcrumb\"},\"inLanguage\":\"fr-FR\",\"potentialAction\":[{\"@type\":\"ReadAction\",\"target\":[\"http:\/\/www.dog-adventure.com\/accommodatie\/\"]}]},{\"@type\":\"BreadcrumbList\",\"@id\":\"http:\/\/www.dog-adventure.com\/accommodatie\/#breadcrumb\",\"itemListElement\":[{\"@type\":\"ListItem\",\"position\":1,\"name\":\"Accueil\",\"item\":\"http:\/\/www.dog-adventure.com\/\"},{\"@type\":\"ListItem\",\"position\":2,\"name\":\"Accommodation\"}]},{\"@type\":\"WebSite\",\"@id\":\"http:\/\/www.dog-adventure.com\/fr\/#website\",\"url\":\"http:\/\/www.dog-adventure.com\/fr\/\",\"name\":\"Mantrailing-France\",\"description\":\"\",\"potentialAction\":[{\"@type\":\"SearchAction\",\"target\":{\"@type\":\"EntryPoint\",\"urlTemplate\":\"http:\/\/www.dog-adventure.com\/fr\/?s={search_term_string}\"},\"query-input\":\"required name=search_term_string\"}],\"inLanguage\":\"fr-FR\"}]}<\/script>\n<!-- \/ Yoast SEO plugin. -->","yoast_head_json":{"title":"Logement - Mantrailing-France","robots":{"index":"index","follow":"follow","max-snippet":"max-snippet:-1","max-image-preview":"max-image-preview:large","max-video-preview":"max-video-preview:-1"},"canonical":"http:\/\/www.dog-adventure.com\/accommodatie\/","og_locale":"fr_FR","og_type":"article","og_title":"Logement - Mantrailing-France","og_description":"Logement Les quatre chambres sont au rez-de-chauss\u00e9e. Vos chiens peuvent aller et venir librement. Les chambres disposent chacune d\u2019une entr\u00e9e individuelle, qui donne sur le grand jardin (1000m2) enti\u00e8rement cl\u00f4tur\u00e9 et r\u00e9serv\u00e9 aux h\u00f4tes. Le soir, vous pouvez d\u00e9guster dans le salon un verre de vin, lire un livre, regarder la t\u00e9l\u00e9vision ou un DVD ... Lire la suite","og_url":"http:\/\/www.dog-adventure.com\/accommodatie\/","og_site_name":"Mantrailing-France","article_modified_time":"2022-01-07T13:56:35+00:00","og_image":[{"url":"http:\/\/www.dog-adventure.com\/wp-content\/uploads\/badkamerchamboux_254-150x150.jpg"}],"twitter_card":"summary_large_image","twitter_misc":{"Dur\u00e9e de lecture estim\u00e9e":"1 minute"},"schema":{"@context":"https:\/\/schema.org","@graph":[{"@type":"WebPage","@id":"http:\/\/www.dog-adventure.com\/accommodatie\/","url":"http:\/\/www.dog-adventure.com\/accommodatie\/","name":"Logement - Mantrailing-France","isPartOf":{"@id":"http:\/\/www.dog-adventure.com\/fr\/#website"},"datePublished":"2011-03-15T17:27:04+00:00","dateModified":"2022-01-07T13:56:35+00:00","breadcrumb":{"@id":"http:\/\/www.dog-adventure.com\/accommodatie\/#breadcrumb"},"inLanguage":"fr-FR","potentialAction":[{"@type":"ReadAction","target":["http:\/\/www.dog-adventure.com\/accommodatie\/"]}]},{"@type":"BreadcrumbList","@id":"http:\/\/www.dog-adventure.com\/accommodatie\/#breadcrumb","itemListElement":[{"@type":"ListItem","position":1,"name":"Accueil","item":"http:\/\/www.dog-adventure.com\/"},{"@type":"ListItem","position":2,"name":"Accommodation"}]},{"@type":"WebSite","@id":"http:\/\/www.dog-adventure.com\/fr\/#website","url":"http:\/\/www.dog-adventure.com\/fr\/","name":"Mantrailing-France","description":"","potentialAction":[{"@type":"SearchAction","target":{"@type":"EntryPoint","urlTemplate":"http:\/\/www.dog-adventure.com\/fr\/?s={search_term_string}"},"query-input":"required name=search_term_string"}],"inLanguage":"fr-FR"}]}},"_links":{"self":[{"href":"http:\/\/www.dog-adventure.com\/fr\/wp-json\/wp\/v2\/pages\/46"}],"collection":[{"href":"http:\/\/www.dog-adventure.com\/fr\/wp-json\/wp\/v2\/pages"}],"about":[{"href":"http:\/\/www.dog-adventure.com\/fr\/wp-json\/wp\/v2\/types\/page"}],"author":[{"embeddable":true,"href":"http:\/\/www.dog-adventure.com\/fr\/wp-json\/wp\/v2\/users\/1"}],"replies":[{"embeddable":true,"href":"http:\/\/www.dog-adventure.com\/fr\/wp-json\/wp\/v2\/comments?post=46"}],"version-history":[{"count":1,"href":"http:\/\/www.dog-adventure.com\/fr\/wp-json\/wp\/v2\/pages\/46\/revisions"}],"predecessor-version":[{"id":8257,"href":"http:\/\/www.dog-adventure.com\/fr\/wp-json\/wp\/v2\/pages\/46\/revisions\/8257"}],"wp:attachment":[{"href":"http:\/\/www.dog-adventure.com\/fr\/wp-json\/wp\/v2\/media?parent=46"}],"curies":[{"name":"wp","href":"https:\/\/api.w.org\/{rel}","templated":true}]}}