{"id":40,"date":"2011-03-15T16:42:54","date_gmt":"2011-03-15T16:42:54","guid":{"rendered":"http:\/\/www.dog-adventure.prioserve.net\/wordpress\/?page_id=40"},"modified":"2014-08-07T06:31:14","modified_gmt":"2014-08-07T06:31:14","slug":"hondenworkshops","status":"publish","type":"page","link":"http:\/\/www.dog-adventure.com\/fr\/hondenworkshops\/","title":{"rendered":"Stages"},"content":{"rendered":"<p><\/p>\n<h3>Stage de surface (questage), recherche utilitaire, man-urban trailing ou pistage.<\/h3>\n<p>Pour les utilisateurs exp\u00e9riment\u00e9s et pour les d\u00e9butants.<\/p>\n<p>Un stage peut associer plusieurs disciplines : chien de sauvetage,\u00a0surface (questage), recherche utilitaire, pistage ou chien flaireur. Il est \u00e9galement possible d\u2019associer diff\u00e9rents niveaux. On peut bien s\u00fbr uniquement se concentrer sur une discipline : surface (questage), recherche utilitaire, pistage ou chien flaireur.<br \/>\nPendant le stage les diff\u00e9rents aspects concernant la recherche de personnes et le pistage seront explor\u00e9s. L\u2019atelier permettra \u00e0 des propri\u00e9taires exp\u00e9riment\u00e9s \u00e0 des d\u00e9butants d\u2019apprendre de nouvelles fa\u00e7ons d\u2019enseigner \u00e0 leurs chiens \u00e0 rechercher et \u00e0 faire du pistage. On s\u2019appuiera sur les aptitudes naturelles du chien durant le stage sans utiliser la force ni la contrainte.<\/p>\n<p>[nggallery id=5]<\/p>\n<h3><em><strong>Masterclass chien de recherche<\/strong><\/em> (surface).<\/h3>\n<p>Ce stage est pr\u00e9vu pour des \u00e9quipes op\u00e9rationnelles avec un examen (Surface A et B, Decombres A et B, Pistage A et B) sp\u00e9cifique \u00e0 passer.<\/p>\n<p>Ce programme s\u2019adapte au profil des participants avec un maximum de 6 chiens.<\/p>\n<p>Arriv\u00e9e le dimanche apr\u00e8s 15 heures \/ d\u00e9part le samedi avant 10h30.<\/p>\n<p>Tous les jours : 9h30-12h &amp; 14h-18h<\/p>\n<p>Prix selon la demande. e-mail<\/p>\n<p>Il inclut 6 nuits, petit d\u00e9jeuner, d\u00e9jeuner et d\u00eener.<\/p>\n<p>Nous vous demandons d\u2019apporter vos propres serviettes et draps.<\/p>\n<h3><em><strong>Un atelier sur mesure<\/strong><\/em><\/h3>\n<p>Sur demande nous pouvons organiser un atelier sur mesure.<\/p>\n<p>Vous voulez en savoir plus ou peut-\u00eatre venir en groupe ? Alors, n\u2019h\u00e9sitez surtout pas \u00e0 nous contacter !<\/p>\n<h3><em><strong>Clicker training<\/strong><\/em><\/h3>\n<p>Qu\u2019est-ce qu\u2019un clicker?<\/p>\n<p>Un clicker donne rapidement une information au chien, d\u2019habitude, plus rapidement qu\u2019en pronon\u00e7ant un mot. Souvenez-vous, votre chien doit comprendre que ce qu\u2019il vient juste de faire est exactement ce que vous vouliez et cette information doit lui parvenir virtuellement au moment pr\u00e9cis o \u00f9 le chien a eu le comportement requis.<\/p>\n<p>Ensemble avec votre chien travailler avec le clicker (m\u00e9thode Karen Pryor et Kay Laurence).<\/p>\n<h3><a href=\"http:\/\/dog-adventure.fr\/programme-2014\/\">Agenda<\/a><\/h3>\n<p><noscript><\/noscript><a href=\"http:\/\/www.statcounter.com\/\" target=\"_blank\"><img decoding=\"async\" src=\"http:\/\/c25.statcounter.com\/counter.php?sc_project=2558880&amp;java=0&amp;security=2f91366c&amp;invisible=0\" alt=\"blog counter\" border=\"0\" \/><\/a><\/p>","protected":false},"excerpt":{"rendered":"<p>Stage de surface (questage), recherche utilitaire, man-urban trailing ou pistage. Pour les utilisateurs exp\u00e9riment\u00e9s et pour les d\u00e9butants. Un stage peut associer plusieurs disciplines : chien de sauvetage,\u00a0surface (questage), recherche utilitaire, pistage ou chien flaireur. Il est \u00e9galement possible d\u2019associer diff\u00e9rents niveaux. On peut bien s\u00fbr uniquement se concentrer sur une discipline : surface (questage), &#8230; <a title=\"Stages\" class=\"read-more\" href=\"http:\/\/www.dog-adventure.com\/fr\/hondenworkshops\/\" aria-label=\"En savoir plus sur Stages\">Lire la suite<\/a><\/p>\n","protected":false},"author":1,"featured_media":0,"parent":0,"menu_order":3,"comment_status":"closed","ping_status":"open","template":"","meta":{"footnotes":""},"yoast_head":"<!-- This site is optimized with the Yoast SEO plugin v21.9 - https:\/\/yoast.com\/wordpress\/plugins\/seo\/ -->\n<title>Stages - Mantrailing-France<\/title>\n<meta name=\"robots\" content=\"index, follow, max-snippet:-1, max-image-preview:large, max-video-preview:-1\" \/>\n<link rel=\"canonical\" href=\"http:\/\/www.dog-adventure.com\/hondenworkshops\/\" \/>\n<meta property=\"og:locale\" content=\"fr_FR\" \/>\n<meta property=\"og:type\" content=\"article\" \/>\n<meta property=\"og:title\" content=\"Stages - Mantrailing-France\" \/>\n<meta property=\"og:description\" content=\"Stage de surface (questage), recherche utilitaire, man-urban trailing ou pistage. Pour les utilisateurs exp\u00e9riment\u00e9s et pour les d\u00e9butants. Un stage peut associer plusieurs disciplines : chien de sauvetage,\u00a0surface (questage), recherche utilitaire, pistage ou chien flaireur. Il est \u00e9galement possible d\u2019associer diff\u00e9rents niveaux. On peut bien s\u00fbr uniquement se concentrer sur une discipline : surface (questage), ... Lire la suite\" \/>\n<meta property=\"og:url\" content=\"http:\/\/www.dog-adventure.com\/hondenworkshops\/\" \/>\n<meta property=\"og:site_name\" content=\"Mantrailing-France\" \/>\n<meta property=\"article:modified_time\" content=\"2014-08-07T06:31:14+00:00\" \/>\n<meta property=\"og:image\" content=\"http:\/\/c25.statcounter.com\/counter.php?sc_project=2558880&amp;java=0&amp;security=2f91366c&amp;invisible=0\" \/>\n<meta name=\"twitter:card\" content=\"summary_large_image\" \/>\n<meta name=\"twitter:label1\" content=\"Dur\u00e9e de lecture estim\u00e9e\" \/>\n\t<meta name=\"twitter:data1\" content=\"6 minutes\" \/>\n<script type=\"application\/ld+json\" class=\"yoast-schema-graph\">{\"@context\":\"https:\/\/schema.org\",\"@graph\":[{\"@type\":\"WebPage\",\"@id\":\"http:\/\/www.dog-adventure.com\/hondenworkshops\/\",\"url\":\"http:\/\/www.dog-adventure.com\/hondenworkshops\/\",\"name\":\"Stages - Mantrailing-France\",\"isPartOf\":{\"@id\":\"http:\/\/www.dog-adventure.com\/fr\/#website\"},\"datePublished\":\"2011-03-15T16:42:54+00:00\",\"dateModified\":\"2014-08-07T06:31:14+00:00\",\"breadcrumb\":{\"@id\":\"http:\/\/www.dog-adventure.com\/hondenworkshops\/#breadcrumb\"},\"inLanguage\":\"fr-FR\",\"potentialAction\":[{\"@type\":\"ReadAction\",\"target\":[\"http:\/\/www.dog-adventure.com\/hondenworkshops\/\"]}]},{\"@type\":\"BreadcrumbList\",\"@id\":\"http:\/\/www.dog-adventure.com\/hondenworkshops\/#breadcrumb\",\"itemListElement\":[{\"@type\":\"ListItem\",\"position\":1,\"name\":\"Accueil\",\"item\":\"http:\/\/www.dog-adventure.com\/\"},{\"@type\":\"ListItem\",\"position\":2,\"name\":\"Search dog workshops\"}]},{\"@type\":\"WebSite\",\"@id\":\"http:\/\/www.dog-adventure.com\/fr\/#website\",\"url\":\"http:\/\/www.dog-adventure.com\/fr\/\",\"name\":\"Mantrailing-France\",\"description\":\"\",\"potentialAction\":[{\"@type\":\"SearchAction\",\"target\":{\"@type\":\"EntryPoint\",\"urlTemplate\":\"http:\/\/www.dog-adventure.com\/fr\/?s={search_term_string}\"},\"query-input\":\"required name=search_term_string\"}],\"inLanguage\":\"fr-FR\"}]}<\/script>\n<!-- \/ Yoast SEO plugin. -->","yoast_head_json":{"title":"Stages - Mantrailing-France","robots":{"index":"index","follow":"follow","max-snippet":"max-snippet:-1","max-image-preview":"max-image-preview:large","max-video-preview":"max-video-preview:-1"},"canonical":"http:\/\/www.dog-adventure.com\/hondenworkshops\/","og_locale":"fr_FR","og_type":"article","og_title":"Stages - Mantrailing-France","og_description":"Stage de surface (questage), recherche utilitaire, man-urban trailing ou pistage. Pour les utilisateurs exp\u00e9riment\u00e9s et pour les d\u00e9butants. Un stage peut associer plusieurs disciplines : chien de sauvetage,\u00a0surface (questage), recherche utilitaire, pistage ou chien flaireur. Il est \u00e9galement possible d\u2019associer diff\u00e9rents niveaux. On peut bien s\u00fbr uniquement se concentrer sur une discipline : surface (questage), ... Lire la suite","og_url":"http:\/\/www.dog-adventure.com\/hondenworkshops\/","og_site_name":"Mantrailing-France","article_modified_time":"2014-08-07T06:31:14+00:00","og_image":[{"url":"http:\/\/c25.statcounter.com\/counter.php?sc_project=2558880&amp;java=0&amp;security=2f91366c&amp;invisible=0"}],"twitter_card":"summary_large_image","twitter_misc":{"Dur\u00e9e de lecture estim\u00e9e":"6 minutes"},"schema":{"@context":"https:\/\/schema.org","@graph":[{"@type":"WebPage","@id":"http:\/\/www.dog-adventure.com\/hondenworkshops\/","url":"http:\/\/www.dog-adventure.com\/hondenworkshops\/","name":"Stages - Mantrailing-France","isPartOf":{"@id":"http:\/\/www.dog-adventure.com\/fr\/#website"},"datePublished":"2011-03-15T16:42:54+00:00","dateModified":"2014-08-07T06:31:14+00:00","breadcrumb":{"@id":"http:\/\/www.dog-adventure.com\/hondenworkshops\/#breadcrumb"},"inLanguage":"fr-FR","potentialAction":[{"@type":"ReadAction","target":["http:\/\/www.dog-adventure.com\/hondenworkshops\/"]}]},{"@type":"BreadcrumbList","@id":"http:\/\/www.dog-adventure.com\/hondenworkshops\/#breadcrumb","itemListElement":[{"@type":"ListItem","position":1,"name":"Accueil","item":"http:\/\/www.dog-adventure.com\/"},{"@type":"ListItem","position":2,"name":"Search dog workshops"}]},{"@type":"WebSite","@id":"http:\/\/www.dog-adventure.com\/fr\/#website","url":"http:\/\/www.dog-adventure.com\/fr\/","name":"Mantrailing-France","description":"","potentialAction":[{"@type":"SearchAction","target":{"@type":"EntryPoint","urlTemplate":"http:\/\/www.dog-adventure.com\/fr\/?s={search_term_string}"},"query-input":"required name=search_term_string"}],"inLanguage":"fr-FR"}]}},"_links":{"self":[{"href":"http:\/\/www.dog-adventure.com\/fr\/wp-json\/wp\/v2\/pages\/40"}],"collection":[{"href":"http:\/\/www.dog-adventure.com\/fr\/wp-json\/wp\/v2\/pages"}],"about":[{"href":"http:\/\/www.dog-adventure.com\/fr\/wp-json\/wp\/v2\/types\/page"}],"author":[{"embeddable":true,"href":"http:\/\/www.dog-adventure.com\/fr\/wp-json\/wp\/v2\/users\/1"}],"replies":[{"embeddable":true,"href":"http:\/\/www.dog-adventure.com\/fr\/wp-json\/wp\/v2\/comments?post=40"}],"version-history":[{"count":0,"href":"http:\/\/www.dog-adventure.com\/fr\/wp-json\/wp\/v2\/pages\/40\/revisions"}],"wp:attachment":[{"href":"http:\/\/www.dog-adventure.com\/fr\/wp-json\/wp\/v2\/media?parent=40"}],"curies":[{"name":"wp","href":"https:\/\/api.w.org\/{rel}","templated":true}]}}