{"id":1564,"date":"2012-04-16T08:31:40","date_gmt":"2012-04-16T08:31:40","guid":{"rendered":"http:\/\/www.dog-adventure.com\/concept\/?page_id=1564"},"modified":"2014-08-09T06:45:46","modified_gmt":"2014-08-09T06:45:46","slug":"testimonials","status":"publish","type":"page","link":"http:\/\/www.dog-adventure.com\/fr\/testimonials\/","title":{"rendered":"Testimonials"},"content":{"rendered":"<p><\/p>\n<p style=\"font-size: 13px; line-height: 20.799999237060547px;\">Avril 2014<\/p>\n<p style=\"font-size: 13px; line-height: 20.799999237060547px;\">Merci pour ce week-end : la d\u00e9couverte d&rsquo;une activit\u00e9 passionnante pour le maitre et le chien, un encadrement formidable, des stagiaires impliqu\u00e9s, sympathiques et bon vivants.<\/p>\n<p style=\"font-size: 13px; line-height: 20.799999237060547px;\"><span style=\"line-height: 1.6em;\">Dans l&rsquo;attente de notre prochain stage !<\/span><\/p>\n<p style=\"font-size: 13px; line-height: 20.799999237060547px;\">Cordialement, Eric et Hey-Joe<\/p>\n<p style=\"font-size: 13px; line-height: 20.799999237060547px;\">Peggy et Gipsy<\/p>\n<hr \/>\n<p>\u00ab\u00a0Merci Ann-Jo et Hugo pour cette semaine pass\u00e9e chez vous. Votre accueil simple et chaleureux m&rsquo;a imm\u00e9diatement mise \u00e0 l&rsquo;aise, et la vie en communaut\u00e9 avec tous les chiens (et leurs propri\u00e9taires bien s\u00fbr!) \u00e9tait une exp\u00e9rience magnifique, dans un endroit tout aussi magnifique! Tout est fait pendant cette semaine pour que chacun se sente \u00e0 l&rsquo;aise, dans un chalet si confortable que quelque fois on laisserait bien les autres aller se tremper les papattes, pour rester tranquillement au coin du po\u00eale!<\/p>\n<p>Et je ne parle pas de la cuisine d&rsquo;Hugo&#8230;.un vrai r\u00e9confort apr\u00e8s une matin\u00e9e pass\u00e9e \u00e0 trotter dans la for\u00eat derri\u00e8re les chiens! Que dire des beignets de pleurottes&#8230;&#8230;MIAM!<\/p>\n<p>Cette initiation au mantrailing m&rsquo;a vraiment donn\u00e9 envie d&rsquo;aller plus loin avec Nyima, juste pour le plaisir de partager toujours davantage avec mon chien. J&rsquo;ai beaucoup aim\u00e9 la fa\u00e7on d&rsquo;Ann-Jo de faire partager sa passion et son immense exp\u00e9rience, avec tellement d&rsquo;humilit\u00e9 et de patience.<\/p>\n<p>On a juste envie d&rsquo;observer, absorber chaque conseil et essayer de mettre en oeuvre!<\/p>\n<p>Bref, tout \u00e7a pour dire que d\u00e8s que possible, je recommence!\u00a0\u00bb<\/p>\n<p>Merci \u00e0 vous deux!<\/p>\n<p>A bientot certainement!<\/p>\n<p>Anne<\/p>\n<p>\u00a0<\/p>\n<div>\n<div>\n<hr \/>\n<p>I would like to thank Ann-Jo for her time and patience with me and my Blond Kelpie Summer.<\/p>\n<p>I had been to a number of people for help and guidance during our journey into Man Trailing.<\/p>\n<p>Whilst I had some prior knowledge I also had some\u00a0very bad habits which had over time eroded the trust in our working partnership and was leading to lost and missed trails.<\/p>\n<p>Ann-Jo help me spot them and gave me guidance to sort them out.<\/p>\n<p>Most importantly the week end was fun. It was good to see dogs at different stages working and the methods used to get them started.<\/p>\n<p>I look forward to spending more time with you in the future.<\/p>\n<p>Kind regards<\/p>\n<p>Annette\u00a0<\/p>\n<p>\u00a0<\/p>\n<hr \/>\n<p>bonjour Ann-Jo !<\/p>\n<p><span style=\"line-height: 1.6em;\">voici mon t\u00e9moignage pour ce week-end de stage :<\/span><\/p>\n<p>comme toujours, un vrai plaisir d&rsquo;\u00eatre accueillies par toi et Hugo (qui cuisine tr\u00e8s bien !). On apprend toujours de nouvelles choses et bien s\u00fbr dans le respect du chien. Le chien progresse rapidement, il n&rsquo;est jamais dans l&rsquo;\u00e9chec car tu sais toujours comment tourner la situation pour que le chien reste motiv\u00e9 et concentr\u00e9 et surtout, qu&rsquo;il ait envie de recommencer ! tu nous apprends aussi \u00e0 \u00eatre patient et \u00e0 observer le chien qui nous \u00e9tonne toujours&#8230;<\/p>\n<p>Le cadre est super, et l&rsquo;ambiance \u00e9tait vraiment g\u00e9nial, tout le monde s&rsquo;est bien entendu et on a pu partag\u00e9 des choses sur le chien ou m\u00eame sur la vie en g\u00e9n\u00e9ral \ud83d\ude42<\/p>\n<p>A refaire encore et encore car on progresse \u00e0 chaque fois et surtout on \u00e9vite les erreurs. Et m\u00eame si le stage porte sur un sujet particulier, tu n&rsquo;h\u00e9sites pas \u00e0 apporter des conseils sur n&rsquo;importe quel autre sujet. Tu n&rsquo;h\u00e9sites pas \u00e0 partager ton savoir et ton exp\u00e9rience ce qui est vraiment agr\u00e9able.<\/p>\n<p><span style=\"line-height: 1.6em;\">merci encore et \u00e0 bient\u00f4t<\/span><\/p>\n<p><span style=\"line-height: 1.6em;\">To the girls : merci encore les filles pour ce moment vraiment sympa, tr\u00e8s bonne rencontre \ud83d\ude42<\/span><\/p>\n<p><span style=\"line-height: 1.6em;\">Laure<\/span><\/p>\n<p>\u00a0<\/p>\n<hr \/>\n<p>On reviendra c&rsquo;est sure . On s&rsquo;entraine r\u00e9guli\u00e8rement . Merci encore Ann-Jo , on a pass\u00e9 des vacances fabuleuses .<\/p>\n<p>Les bretons\u00a0<\/p>\n<p><span style=\"color: rgb(64, 64, 64); font-family: sans-serif; font-size: 13.63636302947998px; font-weight: bold; line-height: 16.787878036499023px; \">[youtube_video id=\u00a0\u00bb<\/span>JH5PWFfN-zw<span style=\"color: rgb(64, 64, 64); font-family: sans-serif; font-size: 13.63636302947998px; font-weight: bold; line-height: 16.787878036499023px; \">\u00ab\u00a0]<\/span><\/p>\n<p>\u00a0<\/p>\n<hr \/>\n<p>Dog-adventure is definitely a paradise for dog lovers located in the heart of the beautiful Morvan\u2019s Regional Park, west of the\u00a0<a href=\"http:\/\/en.wikipedia.org\/wiki\/C%C3%B4te_d%27Or_(escarpment)\">C\u00f4te d&rsquo;Or<\/a>\u00a0in\u00a0<a href=\"http:\/\/en.wikipedia.org\/wiki\/Burgundy_(region)\">Burgundy<\/a>,\u00a0<a href=\"http:\/\/en.wikipedia.org\/wiki\/France\">France<\/a>\u00a0just a few hours away from Paris. Ann-Jo and Hugo have created comfortable and tasteful accommodations tailor-made for welcoming dogs and their owners.\u00a0 Important details such as fully fenced play areas as well as well a fenced agility ring, allow dogs to relax in a secure environment far from city noise and turmoil. Water bowls and garbage cans are discretely placed for the use of responsible dog owners. A small shop will conveniently provide any dog accessories or dog food that may be needed during your stay. The open kitchen\/living room area overlooking a fabulous panoramic view of the Morvan\u2019s wooded hills is an inviting area conducive to chatting, reading, browsing through the internet (Wifi friendly) or simply sharing a TV program. The Morvan is also a paradise for hikers, fishers and lovers of outdoor activities which are easily accessible within walking distance or 4-10 km radius.<\/p>\n<p>As a first time, inexperienced owner of a female Jack Russel, (1 Year old) my stay at Dog-adventure was truly an eye opening experience. I participated with my dog in the Man-Trailing activity which proved to be a success both of us.<\/p>\n<p>First of all, we happened to be an international group of guest from France, The Netherlands and the USA. Most of which were experienced dog owners and had more than 2 dogs, big, big dogs I may add (Leon Berger, Swiss Berne, 2 Labradors, Malinois, Cocker Spaniel, 4 Flatcoated Retrievers). This factor was an essential component to making my stay most enriching because I received input not only from experienced dog owners but also different cultural perspectives on dog etiquette and dog training.<\/p>\n<p>Needless to say, the knowledge I am taking back with me to Paris is priceless.<\/p>\n<p>The first ground breaking discovery I made thanks to Ann-Jo was to change my dog\u2019s food to NATYKA. Since I have started with NATYKA, my dog has picture perfect stools which were problematic to say the least. As you know, Jack Russels are known to be finicky eaters\u2026. All her intestinal problems and costly treatments have disappeared\u2026<\/p>\n<p>Secondly, the Man-trailing activity has helped me better understand how my dog functions and behaves as well as brought out into the open where my own weaknesses reside in my efforts to teach my dog certain skills. This new awareness is the key to successfully building a strong relationship with your dog as well as helping the dog acquire those necessary skills you want your dog to have. A combination of patience and a relaxed joyful attitude is fundamental to teaching your dog something new.<\/p>\n<p>Thirdly, I learnt that motivating your dog to achieve and succeed in performing a new exercise is not only about how enticing the food is although that is definitely important, but on how the dog is psychologically. Is the dog really ready to listen or is the dog too stressed? Reading your dog is essential. There is no one rule for all dogs but general guidelines which you apply as need be.<\/p>\n<p>Thank you Ann-Jo for helping me understand all of this in such a short time. I look forward to coming back in August for level 2 in Man-trailing, an essential skill for city dogs to enable them to focus on other things than street noise.<\/p>\n<p>Pascale &#038; Fid\u00e8s. July 2012<\/p>\n<\/p><\/div>\n<div>\u00a0<\/div>\n<div><em><strong>Week-end de P\u00e2ques 2012.<\/strong><\/em><\/div>\n<div>D\u00e9j\u00e0 la 4\u00e8me fois que nous revenons et c\u2019est toujours avec autant de bonheur et de joie que nous retrouvons Ann-Jo et Hugo, la maison, notre chambre, le grand jardin arboris\u00e9 et fleuri, le chaleureux salon, les cours toujours si instructifs et passionnants d\u2019Ann-Jo ainsi que la d\u00e9licieuse cuisine d\u2019Hugo. Sans parler, des petits villages typiques, des calmes for\u00eats, des doux bocages et paisibles plans d\u2019eau. Revenir \u00e0 Guize, chez Ann-Jo et Hugo, c\u2019est comme revenir \u00e0 la maison apr\u00e8s un long voyage\u2026 Au fil de nos visites, le mantrailing devient une passion au travers de laquelle nous sommes guid\u00e9s et patiemment instruits par la merveilleuse et tr\u00e8s exp\u00e9riment\u00e9e Ann-Jo. Que de g\u00e9n\u00e9rosit\u00e9 dans l\u2019\u00e9change! Que de nouveaux pas franchis \u00e0 chaque fois! Tout cela dans le respect et l\u2019amour de nos chiens, dans le renforcement positifs de nos liens. Pas de cri, pas de passage en force, de coups, de n\u00e9gativit\u00e9, et surtout pas de maltraitance. Pas de \u201cil doit\u201d. Rien que respect, motivation, cr\u00e9ativit\u00e9, r\u00e9flexion, compr\u00e9hension\/adaptation, encouragement et r\u00e9compenses. Gr\u00e2ce \u00e0 toi, Ann-Jo, le succ\u00e8s est l\u00e0, durable et nous comme nos compagnons \u00e0 4 pattes avons un plaisir fou! Ce que j\u2019aime par dessus tout avec vous, Ann-Jo et Hugo, c\u2019est la mani\u00e8re, dont vous nous apprenez \u00e0 comprendre, \u00e0 respecter et \u00e0 nous adapter aux qualit\u00e9s\/capacit\u00e9s de chien. Bref, \u00e0 mieux l\u2019aimer, \u00e0 \u00eatre le meilleur compagnon possible pour lui. Alors oui, le temps passe trop vite et nous avons d\u00fb prendre le chemin du retour. Oui, vous nous manquez d\u00e9j\u00e0. Oui nous reviendrons. Vite, vite! Le plus vite possible! Amanda &#038; Gioya<\/div>\n<div>\u00a0<\/div>\n<div>Patricia. Avril 2012 Mon week-end de P\u00e2ques dans le Morvan \u00e0 \u00e9t\u00e9 superbe c\u2019est \u00e0 renouveler.Le mantrailing \u00e9tait pour moi et ma chienne une premi\u00e8re exp\u00e9rience de qualit\u00e9 avec Ann-Jo qui est une vrai pro en la mati\u00e8re. Bravo Ann-Jo pour ton manifique travail !Tu sais communiquer ta passion\u2026Et la r\u00e9gion est tr\u00e8s belle. J\u2019esp\u00e8re \u00e0 tr\u00e8s bient\u00f4t. Patricia et Chana<\/div>\n<div>\u00a0<\/div>\n<div><cite>Paola:<\/cite><\/div>\n<div><a href=\"http:\/\/dog-adventure.fr\/#comment-102\">April 18, 2012 at 3:11 pm<\/a><\/div>\n<p>Super week-end!! D\u00e9j\u00e0 trois s\u00e9jours chez Ann-Jo et Hugo et toujours autant de plaisir! Mon chien Zac adore le mantrailing et moi de m\u00eame, \u00e7a nous permet de consolider le lien ma\u00eetre\/chien en ayant un r\u00e9el \u00e9change. Ann-Jo est une vrai sp\u00e9cialiste du mantrailing et elle partage son exp\u00e9rience avec beaucoup de g\u00e9n\u00e9rosit\u00e9! C\u2019est trop top!! La r\u00e9gion est superbe pour des belles balades, le chalet super bien con\u00e7u pour une bonne cohabitation avec differentes personnes et chiens, et la cuisine de Hugo d\u00e9licieuse! \u00e0 bient\u00f4t\u00a0<img decoding=\"async\" alt=\":)\" src=\"\/wp-content\/uploads\/icon_smile.gif\" \/>\u00a0Paola &#038; Zac<\/p>\n<\/div>\n<div>\u00a0<\/div>\n<div><cite>Sara&#038;Andrea:<\/cite><\/div>\n<div><a href=\"http:\/\/mantrailing-france.fr\/#comment-86\">15 April 2012 at 20:29<\/a><\/div>\n<p>Nous avons fait une exp\u00e9rience fantastique ! Ann-Jo est tr\u00e8s professionnelle, cr\u00e9ative et elle sait rendre les exercices toujours diff\u00e9rents et amusants ! L\u2019activit\u00e9 du Mantrailing est vraiment satisfaisante pour la couple chien-maitre et aussi utile pour mieux connaitre notre compagnon dans la vie quotidienne. Le lieu est magnifique : le Parc Naturel du Morvan est riche de jolie balades, il y a des lacs partout et le chalet d\u2019Ann-Jo et Hugo est vraiment confortable et tr\u00e8s chaleureux. En plus, ils sont vraiment de propri\u00e9taire sympathiques et ouverts : les soirs a \u00e9t\u00e9 un plaisir pouvoir bavarder avec eux ! Alors \u2026 une chose est certaine : nous allons revenir ! A bient\u00f4t Dog Adventure ! Les Italiens Andrea,Sara et Fiamma (berger blanc suisse )<\/p>\n<p><\/p>","protected":false},"excerpt":{"rendered":"<p>Avril 2014 Merci pour ce week-end : la d\u00e9couverte d&rsquo;une activit\u00e9 passionnante pour le maitre et le chien, un encadrement formidable, des stagiaires impliqu\u00e9s, sympathiques et bon vivants. Dans l&rsquo;attente de notre prochain stage ! Cordialement, Eric et Hey-Joe Peggy et Gipsy \u00ab\u00a0Merci Ann-Jo et Hugo pour cette semaine pass\u00e9e chez vous. Votre accueil simple &#8230; <a title=\"Testimonials\" class=\"read-more\" href=\"http:\/\/www.dog-adventure.com\/fr\/testimonials\/\" aria-label=\"En savoir plus sur Testimonials\">Lire la suite<\/a><\/p>\n","protected":false},"author":1,"featured_media":0,"parent":0,"menu_order":0,"comment_status":"closed","ping_status":"open","template":"","meta":{"footnotes":""},"yoast_head":"<!-- This site is optimized with the Yoast SEO plugin v21.9 - https:\/\/yoast.com\/wordpress\/plugins\/seo\/ -->\n<title>Testimonials - Mantrailing-France<\/title>\n<meta name=\"robots\" content=\"index, follow, max-snippet:-1, max-image-preview:large, max-video-preview:-1\" \/>\n<link rel=\"canonical\" href=\"http:\/\/www.dog-adventure.com\/testimonials\/\" \/>\n<meta property=\"og:locale\" content=\"fr_FR\" \/>\n<meta property=\"og:type\" content=\"article\" \/>\n<meta property=\"og:title\" content=\"Testimonials - Mantrailing-France\" \/>\n<meta property=\"og:description\" content=\"Avril 2014 Merci pour ce week-end : la d\u00e9couverte d&rsquo;une activit\u00e9 passionnante pour le maitre et le chien, un encadrement formidable, des stagiaires impliqu\u00e9s, sympathiques et bon vivants. Dans l&rsquo;attente de notre prochain stage ! Cordialement, Eric et Hey-Joe Peggy et Gipsy \u00ab\u00a0Merci Ann-Jo et Hugo pour cette semaine pass\u00e9e chez vous. Votre accueil simple ... Lire la suite\" \/>\n<meta property=\"og:url\" content=\"http:\/\/www.dog-adventure.com\/testimonials\/\" \/>\n<meta property=\"og:site_name\" content=\"Mantrailing-France\" \/>\n<meta property=\"article:modified_time\" content=\"2014-08-09T06:45:46+00:00\" \/>\n<meta property=\"og:image\" content=\"http:\/\/www.dog-adventure.com\/wp-content\/uploads\/icon_smile.gif\" \/>\n<meta name=\"twitter:card\" content=\"summary_large_image\" \/>\n<meta name=\"twitter:label1\" content=\"Dur\u00e9e de lecture estim\u00e9e\" \/>\n\t<meta name=\"twitter:data1\" content=\"43 minutes\" \/>\n<script type=\"application\/ld+json\" class=\"yoast-schema-graph\">{\"@context\":\"https:\/\/schema.org\",\"@graph\":[{\"@type\":\"WebPage\",\"@id\":\"http:\/\/www.dog-adventure.com\/testimonials\/\",\"url\":\"http:\/\/www.dog-adventure.com\/testimonials\/\",\"name\":\"Testimonials - Mantrailing-France\",\"isPartOf\":{\"@id\":\"http:\/\/www.dog-adventure.com\/fr\/#website\"},\"datePublished\":\"2012-04-16T08:31:40+00:00\",\"dateModified\":\"2014-08-09T06:45:46+00:00\",\"breadcrumb\":{\"@id\":\"http:\/\/www.dog-adventure.com\/testimonials\/#breadcrumb\"},\"inLanguage\":\"fr-FR\",\"potentialAction\":[{\"@type\":\"ReadAction\",\"target\":[\"http:\/\/www.dog-adventure.com\/testimonials\/\"]}]},{\"@type\":\"BreadcrumbList\",\"@id\":\"http:\/\/www.dog-adventure.com\/testimonials\/#breadcrumb\",\"itemListElement\":[{\"@type\":\"ListItem\",\"position\":1,\"name\":\"Accueil\",\"item\":\"http:\/\/www.dog-adventure.com\/\"},{\"@type\":\"ListItem\",\"position\":2,\"name\":\"Testimonials\"}]},{\"@type\":\"WebSite\",\"@id\":\"http:\/\/www.dog-adventure.com\/fr\/#website\",\"url\":\"http:\/\/www.dog-adventure.com\/fr\/\",\"name\":\"Mantrailing-France\",\"description\":\"\",\"potentialAction\":[{\"@type\":\"SearchAction\",\"target\":{\"@type\":\"EntryPoint\",\"urlTemplate\":\"http:\/\/www.dog-adventure.com\/fr\/?s={search_term_string}\"},\"query-input\":\"required name=search_term_string\"}],\"inLanguage\":\"fr-FR\"}]}<\/script>\n<!-- \/ Yoast SEO plugin. -->","yoast_head_json":{"title":"Testimonials - Mantrailing-France","robots":{"index":"index","follow":"follow","max-snippet":"max-snippet:-1","max-image-preview":"max-image-preview:large","max-video-preview":"max-video-preview:-1"},"canonical":"http:\/\/www.dog-adventure.com\/testimonials\/","og_locale":"fr_FR","og_type":"article","og_title":"Testimonials - Mantrailing-France","og_description":"Avril 2014 Merci pour ce week-end : la d\u00e9couverte d&rsquo;une activit\u00e9 passionnante pour le maitre et le chien, un encadrement formidable, des stagiaires impliqu\u00e9s, sympathiques et bon vivants. Dans l&rsquo;attente de notre prochain stage ! Cordialement, Eric et Hey-Joe Peggy et Gipsy \u00ab\u00a0Merci Ann-Jo et Hugo pour cette semaine pass\u00e9e chez vous. Votre accueil simple ... Lire la suite","og_url":"http:\/\/www.dog-adventure.com\/testimonials\/","og_site_name":"Mantrailing-France","article_modified_time":"2014-08-09T06:45:46+00:00","og_image":[{"url":"http:\/\/www.dog-adventure.com\/wp-content\/uploads\/icon_smile.gif"}],"twitter_card":"summary_large_image","twitter_misc":{"Dur\u00e9e de lecture estim\u00e9e":"43 minutes"},"schema":{"@context":"https:\/\/schema.org","@graph":[{"@type":"WebPage","@id":"http:\/\/www.dog-adventure.com\/testimonials\/","url":"http:\/\/www.dog-adventure.com\/testimonials\/","name":"Testimonials - Mantrailing-France","isPartOf":{"@id":"http:\/\/www.dog-adventure.com\/fr\/#website"},"datePublished":"2012-04-16T08:31:40+00:00","dateModified":"2014-08-09T06:45:46+00:00","breadcrumb":{"@id":"http:\/\/www.dog-adventure.com\/testimonials\/#breadcrumb"},"inLanguage":"fr-FR","potentialAction":[{"@type":"ReadAction","target":["http:\/\/www.dog-adventure.com\/testimonials\/"]}]},{"@type":"BreadcrumbList","@id":"http:\/\/www.dog-adventure.com\/testimonials\/#breadcrumb","itemListElement":[{"@type":"ListItem","position":1,"name":"Accueil","item":"http:\/\/www.dog-adventure.com\/"},{"@type":"ListItem","position":2,"name":"Testimonials"}]},{"@type":"WebSite","@id":"http:\/\/www.dog-adventure.com\/fr\/#website","url":"http:\/\/www.dog-adventure.com\/fr\/","name":"Mantrailing-France","description":"","potentialAction":[{"@type":"SearchAction","target":{"@type":"EntryPoint","urlTemplate":"http:\/\/www.dog-adventure.com\/fr\/?s={search_term_string}"},"query-input":"required name=search_term_string"}],"inLanguage":"fr-FR"}]}},"_links":{"self":[{"href":"http:\/\/www.dog-adventure.com\/fr\/wp-json\/wp\/v2\/pages\/1564"}],"collection":[{"href":"http:\/\/www.dog-adventure.com\/fr\/wp-json\/wp\/v2\/pages"}],"about":[{"href":"http:\/\/www.dog-adventure.com\/fr\/wp-json\/wp\/v2\/types\/page"}],"author":[{"embeddable":true,"href":"http:\/\/www.dog-adventure.com\/fr\/wp-json\/wp\/v2\/users\/1"}],"replies":[{"embeddable":true,"href":"http:\/\/www.dog-adventure.com\/fr\/wp-json\/wp\/v2\/comments?post=1564"}],"version-history":[{"count":0,"href":"http:\/\/www.dog-adventure.com\/fr\/wp-json\/wp\/v2\/pages\/1564\/revisions"}],"wp:attachment":[{"href":"http:\/\/www.dog-adventure.com\/fr\/wp-json\/wp\/v2\/media?parent=1564"}],"curies":[{"name":"wp","href":"https:\/\/api.w.org\/{rel}","templated":true}]}}