{"id":1114,"date":"2011-09-20T11:25:48","date_gmt":"2011-09-20T11:25:48","guid":{"rendered":"http:\/\/www.dog-adventure.com\/concept\/?page_id=1114"},"modified":"2022-03-04T08:24:52","modified_gmt":"2022-03-04T08:24:52","slug":"contact","status":"publish","type":"page","link":"http:\/\/www.dog-adventure.com\/fr\/contact\/","title":{"rendered":"Contact"},"content":{"rendered":"<p>Merci de nous contacter si vous voulez r\u00e9server un s\u00e9jour individuel ou pour un groupe.&nbsp;<a class=\"mailto-link\" href=\"&#109;&#x61;i&#108;&#x74;&#111;&#x3a;w&#111;&#x65;f&#x40;&#x64;&#111;&#x67;-&#97;&#x64;v&#x65;&#x6e;&#116;&#x75;r&#101;&#x2e;&#99;&#x6f;m\">mail to<\/a> ou par t\u00e9l\u00e9phone: + 33 (0) 3 86 76 01 95 ou 06.79.66.98.41 pour les prix et les disponibilit\u00e9s.<\/p>\n<p>Nous parlons couramment Fran\u00e7ais,&nbsp;Anglais, N\u00e9erlandais et Allemand.<\/p>\n<p>Ann-Jo Proos en Hugo Klein Klouwenberg<\/p>\n<p>&lsquo;Les Travers&rsquo; Guize<\/p>\n<p>58230 Moux-en-Morvan<\/p>\n<p>\n<div class=\"wpcf7 no-js\" id=\"wpcf7-f6997-o1\" lang=\"nl-NL\" dir=\"ltr\">\n<div class=\"screen-reader-response\"><p role=\"status\" aria-live=\"polite\" aria-atomic=\"true\"><\/p> <ul><\/ul><\/div>\n<form action=\"\/fr\/wp-json\/wp\/v2\/pages\/1114#wpcf7-f6997-o1\" method=\"post\" class=\"wpcf7-form init\" aria-label=\"Contactformulier\" novalidate=\"novalidate\" data-status=\"init\">\n<div style=\"display: none;\">\n<input type=\"hidden\" name=\"_wpcf7\" value=\"6997\" \/>\n<input type=\"hidden\" name=\"_wpcf7_version\" value=\"5.8.6\" \/>\n<input type=\"hidden\" name=\"_wpcf7_locale\" value=\"nl_NL\" \/>\n<input type=\"hidden\" name=\"_wpcf7_unit_tag\" value=\"wpcf7-f6997-o1\" \/>\n<input type=\"hidden\" name=\"_wpcf7_container_post\" value=\"0\" \/>\n<input type=\"hidden\" name=\"_wpcf7_posted_data_hash\" value=\"\" \/>\n<\/div>\n<p><label> Nom<br \/>\n<span class=\"wpcf7-form-control-wrap\" data-name=\"your-name\"><input size=\"40\" class=\"wpcf7-form-control wpcf7-text wpcf7-validates-as-required\" aria-required=\"true\" aria-invalid=\"false\" value=\"\" type=\"text\" name=\"your-name\" \/><\/span> <\/label>\n<\/p>\n<p><label> E-mail<br \/>\n<span class=\"wpcf7-form-control-wrap\" data-name=\"your-email\"><input size=\"40\" class=\"wpcf7-form-control wpcf7-email wpcf7-validates-as-required wpcf7-text wpcf7-validates-as-email\" aria-required=\"true\" aria-invalid=\"false\" value=\"\" type=\"email\" name=\"your-email\" \/><\/span> <\/label>\n<\/p>\n<p><label> Message<br \/>\n<span class=\"wpcf7-form-control-wrap\" data-name=\"your-message\"><textarea cols=\"40\" rows=\"10\" class=\"wpcf7-form-control wpcf7-textarea\" aria-invalid=\"false\" name=\"your-message\"><\/textarea><\/span> <\/label><br \/>\n<span id=\"wpcf7-69f21888e1e79-wrapper\" class=\"wpcf7-form-control-wrap honeypot-499-wrap\" style=\"display:none !important; visibility:hidden !important;\"><label for=\"wpcf7-69f21888e1e79-field\" class=\"hp-message\">Gelieve dit veld leeg te laten.<\/label><input id=\"wpcf7-69f21888e1e79-field\"  class=\"wpcf7-form-control wpcf7-text\" type=\"text\" name=\"honeypot-499\" value=\"\" size=\"40\" tabindex=\"-1\" autocomplete=\"new-password\" \/><\/span><br \/>\n<input class=\"wpcf7-form-control wpcf7-submit has-spinner\" type=\"submit\" value=\"Envoyer\" \/>\n<\/p><div class=\"wpcf7-response-output\" aria-hidden=\"true\"><\/div>\n<\/form>\n<\/div>\n<\/p>","protected":false},"excerpt":{"rendered":"<p>Merci de nous contacter si vous voulez r\u00e9server un s\u00e9jour individuel ou pour un groupe.&nbsp;mail to ou par t\u00e9l\u00e9phone: + 33 (0) 3 86 76 01 95 ou 06.79.66.98.41 pour les prix et les disponibilit\u00e9s. Nous parlons couramment Fran\u00e7ais,&nbsp;Anglais, N\u00e9erlandais et Allemand. Ann-Jo Proos en Hugo Klein Klouwenberg &lsquo;Les Travers&rsquo; Guize 58230 Moux-en-Morvan<\/p>\n","protected":false},"author":1,"featured_media":0,"parent":0,"menu_order":0,"comment_status":"closed","ping_status":"open","template":"","meta":{"footnotes":""},"yoast_head":"<!-- This site is optimized with the Yoast SEO plugin v21.9 - https:\/\/yoast.com\/wordpress\/plugins\/seo\/ -->\n<title>Contact - Mantrailing-France<\/title>\n<meta name=\"robots\" content=\"index, follow, max-snippet:-1, max-image-preview:large, max-video-preview:-1\" \/>\n<link rel=\"canonical\" href=\"http:\/\/www.dog-adventure.com\/contact\/\" \/>\n<meta property=\"og:locale\" content=\"fr_FR\" \/>\n<meta property=\"og:type\" content=\"article\" \/>\n<meta property=\"og:title\" content=\"Contact - Mantrailing-France\" \/>\n<meta property=\"og:description\" content=\"Merci de nous contacter si vous voulez r\u00e9server un s\u00e9jour individuel ou pour un groupe.&nbsp;mail to ou par t\u00e9l\u00e9phone: + 33 (0) 3 86 76 01 95 ou 06.79.66.98.41 pour les prix et les disponibilit\u00e9s. Nous parlons couramment Fran\u00e7ais,&nbsp;Anglais, N\u00e9erlandais et Allemand. Ann-Jo Proos en Hugo Klein Klouwenberg &lsquo;Les Travers&rsquo; Guize 58230 Moux-en-Morvan\" \/>\n<meta property=\"og:url\" content=\"http:\/\/www.dog-adventure.com\/contact\/\" \/>\n<meta property=\"og:site_name\" content=\"Mantrailing-France\" \/>\n<meta property=\"article:modified_time\" content=\"2022-03-04T08:24:52+00:00\" \/>\n<meta name=\"twitter:card\" content=\"summary_large_image\" \/>\n<meta name=\"twitter:label1\" content=\"Dur\u00e9e de lecture estim\u00e9e\" \/>\n\t<meta name=\"twitter:data1\" content=\"1 minute\" \/>\n<script type=\"application\/ld+json\" class=\"yoast-schema-graph\">{\"@context\":\"https:\/\/schema.org\",\"@graph\":[{\"@type\":\"WebPage\",\"@id\":\"http:\/\/www.dog-adventure.com\/contact\/\",\"url\":\"http:\/\/www.dog-adventure.com\/contact\/\",\"name\":\"Contact - Mantrailing-France\",\"isPartOf\":{\"@id\":\"http:\/\/www.dog-adventure.com\/fr\/#website\"},\"datePublished\":\"2011-09-20T11:25:48+00:00\",\"dateModified\":\"2022-03-04T08:24:52+00:00\",\"breadcrumb\":{\"@id\":\"http:\/\/www.dog-adventure.com\/contact\/#breadcrumb\"},\"inLanguage\":\"fr-FR\",\"potentialAction\":[{\"@type\":\"ReadAction\",\"target\":[\"http:\/\/www.dog-adventure.com\/contact\/\"]}]},{\"@type\":\"BreadcrumbList\",\"@id\":\"http:\/\/www.dog-adventure.com\/contact\/#breadcrumb\",\"itemListElement\":[{\"@type\":\"ListItem\",\"position\":1,\"name\":\"Accueil\",\"item\":\"http:\/\/www.dog-adventure.com\/\"},{\"@type\":\"ListItem\",\"position\":2,\"name\":\"Contact\"}]},{\"@type\":\"WebSite\",\"@id\":\"http:\/\/www.dog-adventure.com\/fr\/#website\",\"url\":\"http:\/\/www.dog-adventure.com\/fr\/\",\"name\":\"Mantrailing-France\",\"description\":\"\",\"potentialAction\":[{\"@type\":\"SearchAction\",\"target\":{\"@type\":\"EntryPoint\",\"urlTemplate\":\"http:\/\/www.dog-adventure.com\/fr\/?s={search_term_string}\"},\"query-input\":\"required name=search_term_string\"}],\"inLanguage\":\"fr-FR\"}]}<\/script>\n<!-- \/ Yoast SEO plugin. -->","yoast_head_json":{"title":"Contact - Mantrailing-France","robots":{"index":"index","follow":"follow","max-snippet":"max-snippet:-1","max-image-preview":"max-image-preview:large","max-video-preview":"max-video-preview:-1"},"canonical":"http:\/\/www.dog-adventure.com\/contact\/","og_locale":"fr_FR","og_type":"article","og_title":"Contact - Mantrailing-France","og_description":"Merci de nous contacter si vous voulez r\u00e9server un s\u00e9jour individuel ou pour un groupe.&nbsp;mail to ou par t\u00e9l\u00e9phone: + 33 (0) 3 86 76 01 95 ou 06.79.66.98.41 pour les prix et les disponibilit\u00e9s. Nous parlons couramment Fran\u00e7ais,&nbsp;Anglais, N\u00e9erlandais et Allemand. Ann-Jo Proos en Hugo Klein Klouwenberg &lsquo;Les Travers&rsquo; Guize 58230 Moux-en-Morvan","og_url":"http:\/\/www.dog-adventure.com\/contact\/","og_site_name":"Mantrailing-France","article_modified_time":"2022-03-04T08:24:52+00:00","twitter_card":"summary_large_image","twitter_misc":{"Dur\u00e9e de lecture estim\u00e9e":"1 minute"},"schema":{"@context":"https:\/\/schema.org","@graph":[{"@type":"WebPage","@id":"http:\/\/www.dog-adventure.com\/contact\/","url":"http:\/\/www.dog-adventure.com\/contact\/","name":"Contact - Mantrailing-France","isPartOf":{"@id":"http:\/\/www.dog-adventure.com\/fr\/#website"},"datePublished":"2011-09-20T11:25:48+00:00","dateModified":"2022-03-04T08:24:52+00:00","breadcrumb":{"@id":"http:\/\/www.dog-adventure.com\/contact\/#breadcrumb"},"inLanguage":"fr-FR","potentialAction":[{"@type":"ReadAction","target":["http:\/\/www.dog-adventure.com\/contact\/"]}]},{"@type":"BreadcrumbList","@id":"http:\/\/www.dog-adventure.com\/contact\/#breadcrumb","itemListElement":[{"@type":"ListItem","position":1,"name":"Accueil","item":"http:\/\/www.dog-adventure.com\/"},{"@type":"ListItem","position":2,"name":"Contact"}]},{"@type":"WebSite","@id":"http:\/\/www.dog-adventure.com\/fr\/#website","url":"http:\/\/www.dog-adventure.com\/fr\/","name":"Mantrailing-France","description":"","potentialAction":[{"@type":"SearchAction","target":{"@type":"EntryPoint","urlTemplate":"http:\/\/www.dog-adventure.com\/fr\/?s={search_term_string}"},"query-input":"required name=search_term_string"}],"inLanguage":"fr-FR"}]}},"_links":{"self":[{"href":"http:\/\/www.dog-adventure.com\/fr\/wp-json\/wp\/v2\/pages\/1114"}],"collection":[{"href":"http:\/\/www.dog-adventure.com\/fr\/wp-json\/wp\/v2\/pages"}],"about":[{"href":"http:\/\/www.dog-adventure.com\/fr\/wp-json\/wp\/v2\/types\/page"}],"author":[{"embeddable":true,"href":"http:\/\/www.dog-adventure.com\/fr\/wp-json\/wp\/v2\/users\/1"}],"replies":[{"embeddable":true,"href":"http:\/\/www.dog-adventure.com\/fr\/wp-json\/wp\/v2\/comments?post=1114"}],"version-history":[{"count":2,"href":"http:\/\/www.dog-adventure.com\/fr\/wp-json\/wp\/v2\/pages\/1114\/revisions"}],"predecessor-version":[{"id":8252,"href":"http:\/\/www.dog-adventure.com\/fr\/wp-json\/wp\/v2\/pages\/1114\/revisions\/8252"}],"wp:attachment":[{"href":"http:\/\/www.dog-adventure.com\/fr\/wp-json\/wp\/v2\/media?parent=1114"}],"curies":[{"name":"wp","href":"https:\/\/api.w.org\/{rel}","templated":true}]}}